{"id":35,"date":"2021-10-11T20:51:35","date_gmt":"2021-10-11T18:51:35","guid":{"rendered":"http:\/\/www.gites-scheidecker.com\/install\/?page_id=35"},"modified":"2026-02-17T06:50:49","modified_gmt":"2026-02-17T05:50:49","slug":"conditions-et-tarifs","status":"publish","type":"page","link":"http:\/\/www.gites-scheidecker.com\/install\/index.php\/conditions-et-tarifs\/","title":{"rendered":"Conditions et Tarifs"},"content":{"rendered":"\n<h2 class=\"wp-block-heading\"><strong>Tarifs<\/strong><\/h2>\n\n\n\n<p><\/p>\n\n\n\n<p>Pour 2 personnes :<br>Septembre \u00e0 Juin: 450 \u20ac \/ semaine avec draps et serviettes<br>Juillet \/ Ao\u00fbt \/ D\u00e9cembre : 510 \u20ac \/ semaine avec draps et serviettes<\/p>\n\n\n\n<p>Pour 3 \u00e0 4 personnes :<br>Septembre \u00e0 Juin: 560 \u20ac \/ semaine avec draps et serviettes<br>Juillet \/ Ao\u00fbt \/ D\u00e9cembre : 610 \u20ac \/ semaine avec draps et serviettes<\/p>\n\n\n\n<p><\/p>\n\n\n\n<p>Option m\u00e9nage : 40 \u20ac<strong><br><\/strong><br>Le chauffage \/ climatisation \/ consommations d&rsquo;eau et d&rsquo;\u00e9lectricit\u00e9 inclus dans nos prix.<strong><br><br><\/strong><\/p>\n\n\n\n<p><\/p>\n\n\n\n<h2 class=\"wp-block-heading\"><strong>Conditions<br><\/strong><\/h2>\n\n\n\n<p>Arriv\u00e9e \u00e0 partir de 14h le samedi<br>D\u00e9part le samedi jusqu&rsquo;\u00e0 10h<br><br>Les animaux ne sont pas admis<br><br>\u00c9tablissement enti\u00e8rement non-fumeurs<\/p>\n","protected":false},"excerpt":{"rendered":"<p>Tarifs Pour 2 personnes :Septembre \u00e0 Juin: 450 \u20ac \/ semaine avec draps et serviettesJuillet \/ Ao\u00fbt \/ D\u00e9cembre : 510 \u20ac \/ semaine avec draps et serviettes Pour 3 \u00e0 4 personnes :Septembre \u00e0 Juin: 560 \u20ac \/ semaine avec draps et serviettesJuillet \/ Ao\u00fbt \/ D\u00e9cembre : 610 \u20ac \/ semaine avec draps &hellip; <\/p>\n<p class=\"link-more\"><a href=\"http:\/\/www.gites-scheidecker.com\/install\/index.php\/conditions-et-tarifs\/\" class=\"more-link\">Continuer la lecture<span class=\"screen-reader-text\"> de &laquo;&nbsp;Conditions et Tarifs&nbsp;&raquo;<\/span><\/a><\/p>\n","protected":false},"author":1,"featured_media":0,"parent":0,"menu_order":0,"comment_status":"closed","ping_status":"closed","template":"","meta":{"footnotes":""},"class_list":["post-35","page","type-page","status-publish","hentry"],"_links":{"self":[{"href":"http:\/\/www.gites-scheidecker.com\/install\/index.php\/wp-json\/wp\/v2\/pages\/35","targetHints":{"allow":["GET"]}}],"collection":[{"href":"http:\/\/www.gites-scheidecker.com\/install\/index.php\/wp-json\/wp\/v2\/pages"}],"about":[{"href":"http:\/\/www.gites-scheidecker.com\/install\/index.php\/wp-json\/wp\/v2\/types\/page"}],"author":[{"embeddable":true,"href":"http:\/\/www.gites-scheidecker.com\/install\/index.php\/wp-json\/wp\/v2\/users\/1"}],"replies":[{"embeddable":true,"href":"http:\/\/www.gites-scheidecker.com\/install\/index.php\/wp-json\/wp\/v2\/comments?post=35"}],"version-history":[{"count":16,"href":"http:\/\/www.gites-scheidecker.com\/install\/index.php\/wp-json\/wp\/v2\/pages\/35\/revisions"}],"predecessor-version":[{"id":308,"href":"http:\/\/www.gites-scheidecker.com\/install\/index.php\/wp-json\/wp\/v2\/pages\/35\/revisions\/308"}],"wp:attachment":[{"href":"http:\/\/www.gites-scheidecker.com\/install\/index.php\/wp-json\/wp\/v2\/media?parent=35"}],"curies":[{"name":"wp","href":"https:\/\/api.w.org\/{rel}","templated":true}]}}