{"id":16,"date":"2021-10-06T21:44:01","date_gmt":"2021-10-06T19:44:01","guid":{"rendered":"http:\/\/www.gites-scheidecker.com\/install\/?page_id=16"},"modified":"2022-11-20T08:12:19","modified_gmt":"2022-11-20T07:12:19","slug":"contact","status":"publish","type":"page","link":"http:\/\/www.gites-scheidecker.com\/install\/index.php\/contact\/","title":{"rendered":"Contact &#038; Acc\u00e8s"},"content":{"rendered":"\n<h1 class=\"wp-block-heading\">Nous contacter<\/h1>\n\n\n\n<p>SCHEIDECKER Pascale et G\u00e9rard<br>7A route de Colmar<br>68150 Ribeauvill\u00e9<br>Alsace, France<br><br>T\u00e9l\u00e9phone:<br>03 89 73 82 98<br>06 07 84 47 97<\/p>\n\n\n\n<h1 class=\"wp-block-heading\">Acc\u00e8s<\/h1>\n\n\n\n<iframe src=\"https:\/\/www.google.com\/maps\/embed?pb=!1m17!1m11!1m3!1d646.5620530256491!2d7.327598550073056!3d48.191581630420636!2m2!1f0!2f0!3m2!1i1024!2i768!4f13.1!3m3!1m2!1s0x47915dc41542ea33%3A0xa50b73748f3eb86d!2sG%C3%AEtes%20Scheidecker%20-%20G%C3%AEtes%20de%20la%20Streng!5e1!3m2!1sfr!2sfr!4v1668928174569!5m2!1sfr!2sfr\" width=\"600\" height=\"450\" style=\"border:0;\" allowfullscreen=\"\" loading=\"lazy\" referrerpolicy=\"no-referrer-when-downgrade\"><\/iframe>\n","protected":false},"excerpt":{"rendered":"<p>Nous contacter SCHEIDECKER Pascale et G\u00e9rard7A route de Colmar68150 Ribeauvill\u00e9Alsace, France T\u00e9l\u00e9phone:03 89 73 82 9806 07 84 47 97 Acc\u00e8s<\/p>\n","protected":false},"author":1,"featured_media":0,"parent":0,"menu_order":0,"comment_status":"closed","ping_status":"closed","template":"","meta":{"footnotes":""},"class_list":["post-16","page","type-page","status-publish","hentry"],"_links":{"self":[{"href":"http:\/\/www.gites-scheidecker.com\/install\/index.php\/wp-json\/wp\/v2\/pages\/16","targetHints":{"allow":["GET"]}}],"collection":[{"href":"http:\/\/www.gites-scheidecker.com\/install\/index.php\/wp-json\/wp\/v2\/pages"}],"about":[{"href":"http:\/\/www.gites-scheidecker.com\/install\/index.php\/wp-json\/wp\/v2\/types\/page"}],"author":[{"embeddable":true,"href":"http:\/\/www.gites-scheidecker.com\/install\/index.php\/wp-json\/wp\/v2\/users\/1"}],"replies":[{"embeddable":true,"href":"http:\/\/www.gites-scheidecker.com\/install\/index.php\/wp-json\/wp\/v2\/comments?post=16"}],"version-history":[{"count":20,"href":"http:\/\/www.gites-scheidecker.com\/install\/index.php\/wp-json\/wp\/v2\/pages\/16\/revisions"}],"predecessor-version":[{"id":267,"href":"http:\/\/www.gites-scheidecker.com\/install\/index.php\/wp-json\/wp\/v2\/pages\/16\/revisions\/267"}],"wp:attachment":[{"href":"http:\/\/www.gites-scheidecker.com\/install\/index.php\/wp-json\/wp\/v2\/media?parent=16"}],"curies":[{"name":"wp","href":"https:\/\/api.w.org\/{rel}","templated":true}]}}